{"id":478,"date":"2023-10-28T17:06:52","date_gmt":"2023-10-28T17:06:52","guid":{"rendered":"https:\/\/mariaquiles.es\/?page_id=478"},"modified":"2023-10-28T17:10:59","modified_gmt":"2023-10-28T17:10:59","slug":"accesibilidad","status":"publish","type":"page","link":"https:\/\/mariaquiles.es\/es\/accesibilidad\/","title":{"rendered":"Accesibilidad"},"content":{"rendered":"\t\t<div data-elementor-type=\"wp-page\" data-elementor-id=\"478\" class=\"elementor elementor-478\" data-elementor-post-type=\"page\">\n\t\t\t\t<div class=\"elementor-element elementor-element-b554b4c e-con-full e-flex e-con e-parent\" data-id=\"b554b4c\" data-element_type=\"container\">\n\t\t\t\t<div class=\"elementor-element elementor-element-f7b35c0 elementor-widget elementor-widget-heading\" data-id=\"f7b35c0\" data-element_type=\"widget\" data-widget_type=\"heading.default\">\n\t\t\t\t<div class=\"elementor-widget-container\">\n\t\t\t\t\t<h2 class=\"elementor-heading-title elementor-size-default\">Accesibilidad<\/h2>\t\t\t\t<\/div>\n\t\t\t\t<\/div>\n\t\t\t\t<div class=\"elementor-element elementor-element-179706a elementor-widget elementor-widget-text-editor\" data-id=\"179706a\" data-element_type=\"widget\" data-widget_type=\"text-editor.default\">\n\t\t\t\t<div class=\"elementor-widget-container\">\n\t\t\t\t\t\t\t\t\t<p>Maria Quiles Ruiz se ha comprometido a hacer accesibles sus sitios web, de conformidad con el <strong><a href=\"https:\/\/www.boe.es\/buscar\/act.php?id=BOE-A-2018-12699\" target=\"_blank\" rel=\"noopener\" data-linktype=\"external\" data-val=\"https:\/\/www.boe.es\/buscar\/act.php?id=BOE-A-2018-12699\">Real Decreto 1112\/2018<\/a><\/strong>, de 7 de septiembre, sobre accesibilidad de los sitios web y aplicaciones para dispositivos m\u00f3viles del sector p\u00fablico, por la que se traspone al ordenamiento jur\u00eddico espa\u00f1ol la\u00a0<a href=\"http:\/\/eur-lex.europa.eu\/legal-content\/ES\/TXT\/?uri=uriserv:OJ.L_.2016.327.01.0001.01.SPA&amp;toc=OJ:L:2016:327:FULL\" target=\"_blank\" rel=\"noopener\" data-linktype=\"external\" data-val=\"http:\/\/eur-lex.europa.eu\/legal-content\/ES\/TXT\/?uri=uriserv:OJ.L_.2016.327.01.0001.01.SPA&amp;toc=OJ:L:2016:327:FULL\">Directiva (UE) 2016\/2102 del Parlamento Europeo y del Consejo<\/a>.<\/p><p>La presente declaraci\u00f3n de accesibilidad se aplica al portal institucional https:\/\/espinosanutricion.es\/<\/p><p>\u00a0<\/p><p class=\"h3-size\"><strong>SITUACI\u00d3N DE CUMPLIMIENTO<\/strong><\/p><p>Este sitio web es\u00a0<strong>parcialmente conforme<\/strong>\u00a0con el\u00a0<a title=\"RD 1112\/2018\" href=\"https:\/\/www.boe.es\/diario_boe\/txt.php?id=BOE-A-2018-12699\" target=\"_blank\" rel=\"noopener\" data-linktype=\"external\" data-val=\"https:\/\/www.boe.es\/diario_boe\/txt.php?id=BOE-A-2018-12699\"><strong>RD 1112\/2018<\/strong><\/a>\u00a0debido a las excepciones y a la falta de conformidad de los aspectos que se indican a continuaci\u00f3n.<\/p><p>\u00a0<\/p><p class=\"h3-size\"><strong>CONTENIDO NO ACCESIBLE<\/strong><\/p><p>El contenido que se recoge a continuaci\u00f3n no es accesible por lo siguiente:<\/p><ol><li><strong>Falta de conformidad con el RD 1112\/2018<\/strong><ul><li>Debido a la automatizaci\u00f3n de algunas de las publicaciones podr\u00edan existir p\u00e1ginas con un incorrecto anidamiento de etiquetas HTML.<\/li><li>Existen documentos en formato PDF que no cumplen con la normativa existiendo en algunos de ellos, una alternativa textual HTML que cumple la normativa.<\/li><li>Podr\u00edan existir fallos puntuales de edici\u00f3n en alguna p\u00e1gina web.<\/li><\/ul><\/li><li><strong>Carga desproporcionada<\/strong><ul><li>No aplica.<\/li><\/ul><\/li><li><strong>Contenido que no entra dentro del \u00e1mbito de la legislaci\u00f3n aplicable<\/strong><ul><li>Archivos ofim\u00e1ticos en PDF u otros formatos, as\u00ed como aplicaciones publicadas antes del 20 de septiembre de 2018 que no cumplan en su totalidad todos los requisitos de accesibilidad.<\/li><\/ul><\/li><\/ol><h2>\u00a0<\/h2><p class=\"h3-size\"><strong>PREPARACI\u00d3N DE LA PRESENTE DECLARACI\u00d3N DE ACCESIBILIDAD<\/strong><\/p><p>La presente declaraci\u00f3n fue preparada el 28 de octubre de 2019 y est\u00e1 basada en los Informes de Accesibilidad Web del\u00a0<a title=\"Observatorio de Accesibilidad\" href=\"https:\/\/administracionelectronica.gob.es\/pae_Home\/pae_Estrategias\/pae_Accesibilidad.html\" target=\"_blank\" rel=\"noopener\" data-linktype=\"external\" data-val=\"https:\/\/administracionelectronica.gob.es\/pae_Home\/pae_Estrategias\/pae_Accesibilidad.html\"><strong>Observatorio de Accesibilidad<\/strong><\/a>.<\/p><h2>\u00a0<\/h2><p class=\"h3-size\"><strong>OBSERVACIONES Y DATOS DE CONTACTO<\/strong><\/p><p>Puede realizar\u00a0<strong>comunicaciones<\/strong>\u00a0sobre requisitos de accesibilidad (art\u00edculo 10.2 del RD 1112\/2018) como por ejemplo:<\/p><ul><li>informar sobre cualquier posible incumplimiento por parte de este sitio web<\/li><li>transmitir otras\u00a0<strong>dificultades de acceso<\/strong>\u00a0al contenido<\/li><li>formular cualquier otra\u00a0<strong>consulta o sugerencia de mejora<\/strong>\u00a0relativa a la accesibilidad del sitio web<\/li><\/ul><p>a trav\u00e9s del\u00a0<a href=\"https:\/\/mariaquiles.es\/contacto\/\">formulario de contacto<\/a>\u00a0de este sitio web.<\/p><p>Las comunicaciones ser\u00e1n recibidas y tratadas por el\u00a0<em>administrador<\/em>\u00a0de Maite Espinosa.<\/p><h2>\u00a0<\/h2><p class=\"h3-size\"><strong>PROCEDIMIENTO DE APLICACI\u00d3N<\/strong><\/p><p>Se pondr\u00e1 en marcha un procedimiento de aplicaci\u00f3n adecuado y eficaz al que debe recurrirse en caso de que la respuesta a la comunicaci\u00f3n o a la solicitud sea insatisfactoria.<\/p><h2>\u00a0<\/h2><p class=\"h3-size\"><strong>CONTENIDO OPCIONAL<\/strong><\/p><p>Este sitio web:<\/p><ul><li>Se ha dise\u00f1ado adapt\u00e1ndose a los est\u00e1ndares y normativas vigentes en relaci\u00f3n a la accesibilidad, cumpliendo con los puntos de verificaci\u00f3n de prioridad 2 (AA) definidos en la especificaci\u00f3n de Pautas de Accesibilidad al Contenido en la Web (WCAG 2.1).<\/li><li>Cumple con los requisitos de la Norma\u00a0<a title=\": abre una ventana nueva\" href=\"https:\/\/administracionelectronica.gob.es\/pae_Home\/dam\/jcr:2352eaaf-2ee8-4501-a67b-bb682c6de934\/Norma_UNE-EN_301549.pdf\" target=\"_blank\" rel=\"noopener\">UNE-EN 301549 v1.1.2:2015<\/a>, considerando las excepciones del Real Decreto 1112\/2018.<\/li><li>Est\u00e1 dise\u00f1ado para su correcta visualizaci\u00f3n en dispositivos de escritorio, tablet y m\u00f3viles para una resoluci\u00f3n m\u00ednima de\u00a0<strong>1280\u00d71024<\/strong>.<\/li><li>Se ha realizado utilizando HTML5 como lenguaje de marcado y hojas de estilo CSS 3 para su dise\u00f1o.<\/li><\/ul>\t\t\t\t\t\t\t\t<\/div>\n\t\t\t\t<\/div>\n\t\t\t\t<\/div>\n\t\t\t\t<\/div>\n\t\t","protected":false},"excerpt":{"rendered":"<p>Maria Quiles Ruiz se ha comprometido a hacer accesibles sus sitios web, de conformidad con el Real Decreto 1112\/2018, de 7 de septiembre, sobre accesibilidad de los sitios web y aplicaciones para dispositivos m\u00f3viles del sector p\u00fablico, por la que se traspone al ordenamiento jur\u00eddico espa\u00f1ol la\u00a0Directiva (UE) 2016\/2102 del Parlamento Europeo y del Consejo. [&hellip;]<\/p>\n","protected":false},"author":1,"featured_media":0,"parent":0,"menu_order":0,"comment_status":"closed","ping_status":"closed","template":"elementor_header_footer","meta":{"footnotes":""},"class_list":["post-478","page","type-page","status-publish","hentry"],"yoast_head":"<!-- This site is optimized with the Yoast SEO plugin v25.7 - https:\/\/yoast.com\/wordpress\/plugins\/seo\/ -->\n<title>Accesibilidad - Maria Quiles Ruiz<\/title>\n<meta name=\"robots\" content=\"index, follow, max-snippet:-1, max-image-preview:large, max-video-preview:-1\" \/>\n<link rel=\"canonical\" href=\"https:\/\/mariaquiles.es\/accesibilidad\/\" \/>\n<meta property=\"og:locale\" content=\"es_ES\" \/>\n<meta property=\"og:type\" content=\"article\" \/>\n<meta property=\"og:title\" content=\"Accesibilidad - Maria Quiles Ruiz\" \/>\n<meta property=\"og:description\" content=\"Maria Quiles Ruiz se ha comprometido a hacer accesibles sus sitios web, de conformidad con el Real Decreto 1112\/2018, de 7 de septiembre, sobre accesibilidad de los sitios web y aplicaciones para dispositivos m\u00f3viles del sector p\u00fablico, por la que se traspone al ordenamiento jur\u00eddico espa\u00f1ol la\u00a0Directiva (UE) 2016\/2102 del Parlamento Europeo y del Consejo. [&hellip;]\" \/>\n<meta property=\"og:url\" content=\"https:\/\/mariaquiles.es\/accesibilidad\/\" \/>\n<meta property=\"og:site_name\" content=\"Maria Quiles Ruiz\" \/>\n<meta property=\"article:modified_time\" content=\"2023-10-28T17:10:59+00:00\" \/>\n<meta name=\"twitter:card\" content=\"summary_large_image\" \/>\n<meta name=\"twitter:label1\" content=\"Tiempo de lectura\" \/>\n\t<meta name=\"twitter:data1\" content=\"3 minutos\" \/>\n<script type=\"application\/ld+json\" class=\"yoast-schema-graph\">{\"@context\":\"https:\/\/schema.org\",\"@graph\":[{\"@type\":\"WebPage\",\"@id\":\"https:\/\/mariaquiles.es\/accesibilidad\/\",\"url\":\"https:\/\/mariaquiles.es\/accesibilidad\/\",\"name\":\"Accesibilidad - Maria Quiles Ruiz\",\"isPartOf\":{\"@id\":\"https:\/\/mariaquiles.es\/#website\"},\"datePublished\":\"2023-10-28T17:06:52+00:00\",\"dateModified\":\"2023-10-28T17:10:59+00:00\",\"breadcrumb\":{\"@id\":\"https:\/\/mariaquiles.es\/accesibilidad\/#breadcrumb\"},\"inLanguage\":\"es\",\"potentialAction\":[{\"@type\":\"ReadAction\",\"target\":[\"https:\/\/mariaquiles.es\/accesibilidad\/\"]}]},{\"@type\":\"BreadcrumbList\",\"@id\":\"https:\/\/mariaquiles.es\/accesibilidad\/#breadcrumb\",\"itemListElement\":[{\"@type\":\"ListItem\",\"position\":1,\"name\":\"Portada\",\"item\":\"https:\/\/mariaquiles.es\/\"},{\"@type\":\"ListItem\",\"position\":2,\"name\":\"Accesibilidad\"}]},{\"@type\":\"WebSite\",\"@id\":\"https:\/\/mariaquiles.es\/#website\",\"url\":\"https:\/\/mariaquiles.es\/\",\"name\":\"Maria Quiles Ruiz\",\"description\":\"Traductora Valenciano - Castellano\",\"potentialAction\":[{\"@type\":\"SearchAction\",\"target\":{\"@type\":\"EntryPoint\",\"urlTemplate\":\"https:\/\/mariaquiles.es\/?s={search_term_string}\"},\"query-input\":{\"@type\":\"PropertyValueSpecification\",\"valueRequired\":true,\"valueName\":\"search_term_string\"}}],\"inLanguage\":\"es\"}]}<\/script>\n<!-- \/ Yoast SEO plugin. -->","yoast_head_json":{"title":"Accesibilidad - Maria Quiles Ruiz","robots":{"index":"index","follow":"follow","max-snippet":"max-snippet:-1","max-image-preview":"max-image-preview:large","max-video-preview":"max-video-preview:-1"},"canonical":"https:\/\/mariaquiles.es\/accesibilidad\/","og_locale":"es_ES","og_type":"article","og_title":"Accesibilidad - Maria Quiles Ruiz","og_description":"Maria Quiles Ruiz se ha comprometido a hacer accesibles sus sitios web, de conformidad con el Real Decreto 1112\/2018, de 7 de septiembre, sobre accesibilidad de los sitios web y aplicaciones para dispositivos m\u00f3viles del sector p\u00fablico, por la que se traspone al ordenamiento jur\u00eddico espa\u00f1ol la\u00a0Directiva (UE) 2016\/2102 del Parlamento Europeo y del Consejo. [&hellip;]","og_url":"https:\/\/mariaquiles.es\/accesibilidad\/","og_site_name":"Maria Quiles Ruiz","article_modified_time":"2023-10-28T17:10:59+00:00","twitter_card":"summary_large_image","twitter_misc":{"Tiempo de lectura":"3 minutos"},"schema":{"@context":"https:\/\/schema.org","@graph":[{"@type":"WebPage","@id":"https:\/\/mariaquiles.es\/accesibilidad\/","url":"https:\/\/mariaquiles.es\/accesibilidad\/","name":"Accesibilidad - Maria Quiles Ruiz","isPartOf":{"@id":"https:\/\/mariaquiles.es\/#website"},"datePublished":"2023-10-28T17:06:52+00:00","dateModified":"2023-10-28T17:10:59+00:00","breadcrumb":{"@id":"https:\/\/mariaquiles.es\/accesibilidad\/#breadcrumb"},"inLanguage":"es","potentialAction":[{"@type":"ReadAction","target":["https:\/\/mariaquiles.es\/accesibilidad\/"]}]},{"@type":"BreadcrumbList","@id":"https:\/\/mariaquiles.es\/accesibilidad\/#breadcrumb","itemListElement":[{"@type":"ListItem","position":1,"name":"Portada","item":"https:\/\/mariaquiles.es\/"},{"@type":"ListItem","position":2,"name":"Accesibilidad"}]},{"@type":"WebSite","@id":"https:\/\/mariaquiles.es\/#website","url":"https:\/\/mariaquiles.es\/","name":"Maria Quiles Ruiz","description":"Traductora Valenciano - Castellano","potentialAction":[{"@type":"SearchAction","target":{"@type":"EntryPoint","urlTemplate":"https:\/\/mariaquiles.es\/?s={search_term_string}"},"query-input":{"@type":"PropertyValueSpecification","valueRequired":true,"valueName":"search_term_string"}}],"inLanguage":"es"}]}},"_links":{"self":[{"href":"https:\/\/mariaquiles.es\/es\/wp-json\/wp\/v2\/pages\/478","targetHints":{"allow":["GET"]}}],"collection":[{"href":"https:\/\/mariaquiles.es\/es\/wp-json\/wp\/v2\/pages"}],"about":[{"href":"https:\/\/mariaquiles.es\/es\/wp-json\/wp\/v2\/types\/page"}],"author":[{"embeddable":true,"href":"https:\/\/mariaquiles.es\/es\/wp-json\/wp\/v2\/users\/1"}],"replies":[{"embeddable":true,"href":"https:\/\/mariaquiles.es\/es\/wp-json\/wp\/v2\/comments?post=478"}],"version-history":[{"count":4,"href":"https:\/\/mariaquiles.es\/es\/wp-json\/wp\/v2\/pages\/478\/revisions"}],"predecessor-version":[{"id":484,"href":"https:\/\/mariaquiles.es\/es\/wp-json\/wp\/v2\/pages\/478\/revisions\/484"}],"wp:attachment":[{"href":"https:\/\/mariaquiles.es\/es\/wp-json\/wp\/v2\/media?parent=478"}],"curies":[{"name":"wp","href":"https:\/\/api.w.org\/{rel}","templated":true}]}}