{"id":466,"date":"2023-10-28T16:54:06","date_gmt":"2023-10-28T16:54:06","guid":{"rendered":"https:\/\/mariaquiles.es\/?page_id=466"},"modified":"2023-10-28T16:59:44","modified_gmt":"2023-10-28T16:59:44","slug":"aviso-legal","status":"publish","type":"page","link":"https:\/\/mariaquiles.es\/es\/aviso-legal\/","title":{"rendered":"Aviso Legal"},"content":{"rendered":"\t\t<div data-elementor-type=\"wp-page\" data-elementor-id=\"466\" class=\"elementor elementor-466\" data-elementor-post-type=\"page\">\n\t\t\t\t<div class=\"elementor-element elementor-element-2e2645f e-con-full e-flex e-con e-parent\" data-id=\"2e2645f\" data-element_type=\"container\">\n\t\t\t\t<div class=\"elementor-element elementor-element-b73e056 elementor-widget elementor-widget-heading\" data-id=\"b73e056\" data-element_type=\"widget\" data-widget_type=\"heading.default\">\n\t\t\t\t<div class=\"elementor-widget-container\">\n\t\t\t\t\t<h2 class=\"elementor-heading-title elementor-size-default\">Aviso Legal<\/h2>\t\t\t\t<\/div>\n\t\t\t\t<\/div>\n\t\t\t\t<div class=\"elementor-element elementor-element-59e1198 elementor-widget elementor-widget-text-editor\" data-id=\"59e1198\" data-element_type=\"widget\" data-widget_type=\"text-editor.default\">\n\t\t\t\t<div class=\"elementor-widget-container\">\n\t\t\t\t\t\t\t\t\t<p>El hecho de acceder a este sitio web implica el conocimiento y aceptaci\u00f3n de los siguientes t\u00e9rminos y condiciones y atribuye la condici\u00f3n de usuario de la web y el acceso al mismo implica su aceptaci\u00f3n sin reservas. En caso de no aceptar las cl\u00e1usulas establecidas en el presente Aviso Legal, el usuario deber\u00e1 abstenerse de acceder y\/o utilizar los servicios y\/o contenidos puestos a su disposici\u00f3n en la p\u00e1gina, procediendo a abandonar la misma.<\/p><p>\u00a0<\/p><p><strong>TITULARIDAD DEL SITIO WEB<\/strong><\/p><p><strong>Maria Quiles Ruiz<\/strong>, en cumplimiento de lo establecido en el Art. 10 de la Ley 34\/2002, de 11 de julio, de Servicios de la Sociedad de la Informaci\u00f3n y Comercio Electr\u00f3nico (LSSI-CE), le informa de los datos identificativos relativos al sitio web https:\/\/mariaquiles.es\/<\/p><ul><li>DENOMINACI\u00d3N SOCIAL: <strong>Maria Quiles Ruiz<\/strong><\/li><li>TEL\u00c9FONO: +34 630 15 37 70<\/li><li>NIF: 44520042T<\/li><li>CORREO ELECTR\u00d3NICO GENERAL: <strong>hola@mariaquiles.es<\/strong><\/li><\/ul><p>\u00a0<\/p><p><strong>CONDICIONES DE USO <\/strong><\/p><p>\u00a0<\/p><p><strong>USUARIOS<\/strong><\/p><p>El acceso y\/o uso de este portal de <strong>Maria Quiles Ruiz<\/strong>\u00a0atribuye la condici\u00f3n de USUARIO, que acepta, desde dicho acceso y\/o uso, las Condiciones Generales de Uso aqu\u00ed reflejadas. Las citadas Condiciones ser\u00e1n de aplicaci\u00f3n independientemente de las Condiciones Generales de Contrataci\u00f3n que en su caso resulten de obligado cumplimiento.<\/p><p>\u00a0<\/p><p><strong>USO DE LA WEB<\/strong><\/p><p>https:\/\/mariaquiles.es\/\u00a0proporciona el acceso a multitud de informaciones, servicios o datos (en adelante, \u201clos contenidos\u201d) en Internet pertenecientes a <strong>Maria Quiles Ruiz<\/strong>\u00a0a los que el USUARIO pueda tener acceso. El USUARIO asume la responsabilidad del uso del portal. Dicha responsabilidad se extiende al registro que fuese necesario cumplimentar para acceder a determinados servicios o contenidos.<\/p><p>En dicho registro el USUARIO ser\u00e1 responsable de aportar informaci\u00f3n veraz y l\u00edcita. Como consecuencia de este registro, al USUARIO se le puede proporcionar una contrase\u00f1a de la que ser\u00e1 responsable, comprometi\u00e9ndose a hacer un uso diligente y confidencial de la misma. El USUARIO se compromete a hacer un uso adecuado de los contenidos y servicios (como por ejemplo servicios de chat, foros de discusi\u00f3n o grupos de noticias) que <strong>Maria Quiles Ruiz<\/strong> ofrece a trav\u00e9s de su portal y con car\u00e1cter enunciativo pero no limitativo, a no emplearlos para (I) incurrir en actividades il\u00edcitas, ilegales o contrarias a la buena fe y al orden p\u00fablico; (II) difundir contenidos o propaganda de car\u00e1cter racista, xen\u00f3fobo, pornogr\u00e1fico-ilegal, de apolog\u00eda del terrorismo o atentatorio contra los derechos humanos; (III) provocar da\u00f1os en los sistemas f\u00edsicos y l\u00f3gicos de <strong>Maria Quiles Ruiz<\/strong>, de sus proveedores o de terceras personas, introducir o difundir en la red virus inform\u00e1ticos o cualesquiera otros sistemas f\u00edsicos o l\u00f3gicos que sean susceptibles de provocar los da\u00f1os anteriormente mencionados; (IV) intentar acceder y, en su caso, utilizar las cuentas de correo electr\u00f3nico de otros usuarios y modificarlo o manipular sus mensajes. <strong>Maria Quiles Ruiz<\/strong> se reserva el derecho de retirar todos aquellos comentarios y aportaciones que vulneren el respeto a la dignidad de la persona, que sean discriminatorios, xen\u00f3fobos, racistas, pornogr\u00e1ficos, que atenten contra la juventud o la infancia, el orden o la seguridad p\u00fablica o que, a su juicio, no resultaran adecuados para su publicaci\u00f3n.<\/p><p>En cualquier caso, <strong>Maria Quiles Ruiz<\/strong>\u00a0no ser\u00e1 responsable de las opiniones vertidas por los usuarios a trav\u00e9s de los foros, chats, u otras herramientas de participaci\u00f3n.<\/p><p>\u00a0<\/p><p><strong>PROPIEDAD INTELECTUAL E INDUSTRIAL<\/strong><\/p><p><strong>Maria Quiles Ruiz<\/strong> por s\u00ed o como cesionaria, es titular de todos los derechos de propiedad intelectual e industrial de su p\u00e1gina web, as\u00ed como de los elementos contenidos en la misma (a t\u00edtulo enunciativo, im\u00e1genes, sonido, audio, v\u00eddeo, software o textos; marcas o logotipos, combinaciones de colores, estructura y dise\u00f1o, selecci\u00f3n de materiales usados, programas de ordenador necesarios para su funcionamiento, acceso y uso, etc.), titularidad de <strong>Maria Quiles Ruiz<\/strong>\u00a0 o bien de sus licenciantes.<\/p><p><strong>Todos los derechos reservados:<\/strong> En virtud de lo dispuesto en los art\u00edculos 8 y 32.1, p\u00e1rrafo segundo, de la Ley de Propiedad Intelectual, quedan expresamente prohibidas la reproducci\u00f3n, la distribuci\u00f3n y la comunicaci\u00f3n p\u00fablica, incluida su modalidad de puesta a disposici\u00f3n, de la totalidad o parte de los contenidos de esta p\u00e1gina web, con fines comerciales, en cualquier soporte y por cualquier medio t\u00e9cnico, sin la autorizaci\u00f3n de <strong>Maria Quiles Ruiz<\/strong>. El USUARIO se compromete a respetar los derechos de Propiedad Intelectual e Industrial titularidad de <strong>Maria Quiles Ruiz<\/strong>. Podr\u00e1 visualizar los elementos del portal e incluso imprimirlos, copiarlos y almacenarlos en el disco duro de su ordenador o en cualquier otro soporte f\u00edsico siempre y cuando sea, \u00fanica y exclusivamente, para su uso personal y privado. El USUARIO deber\u00e1 abstenerse de suprimir, alterar, eludir o manipular cualquier dispositivo de protecci\u00f3n o sistema de seguridad que estuviera instalado en las p\u00e1ginas de <strong>Maria Quiles Ruiz<\/strong>.<\/p><p>\u00a0<\/p><p><strong>EXCLUSI\u00d3N DE GARANT\u00cdAS Y RESPONSABILIDAD<\/strong><\/p><p><strong>Maria Quiles Ruiz<\/strong> no se hace responsable, en ning\u00fan caso, de los da\u00f1os y perjuicios de cualquier naturaleza que pudiera ocasionar, a t\u00edtulo enunciativo: errores u omisiones en los contenidos, falta de disponibilidad del portal o la transmisi\u00f3n de virus o programas maliciosos o lesivos en los contenidos, a pesar de haber adoptado todas las medidas tecnol\u00f3gicas necesarias para evitarlo.<\/p><p>\u00a0<\/p><p><strong>MODIFICACIONES<\/strong><\/p><p><strong>Maria Quiles Ruiz<\/strong> se reserva el derecho de efectuar sin previo aviso las modificaciones que considere oportunas en su portal, pudiendo cambiar, suprimir o a\u00f1adir tanto los contenidos y servicios que se presten a trav\u00e9s de la misma como la forma en la que \u00e9stos aparezcan presentados o localizados en su portal.<\/p><p>\u00a0<\/p><p><strong>ENLACES<\/strong><\/p><p>En el caso de que <strong>Maria Quiles Ruiz<\/strong> no se dispusiesen enlaces o hiperv\u00ednculos hac\u00eda otros sitios de Internet, <strong>Maria Quiles Ruiz<\/strong> no ejercer\u00e1 ning\u00fan tipo de control sobre dichos sitios y contenidos. En ning\u00fan caso <strong>Maria Quiles Ruiz<\/strong>\u00a0asumir\u00e1 responsabilidad alguna por los contenidos de alg\u00fan enlace perteneciente a un sitio web ajeno, ni garantizar\u00e1 la disponibilidad t\u00e9cnica, calidad, fiabilidad, exactitud, amplitud, veracidad, validez y constitucionalidad de cualquier material o informaci\u00f3n contenida en ninguno de dichos hiperv\u00ednculos u otros sitios de Internet.<\/p><p>Igualmente, la inclusi\u00f3n de estas conexiones externas no implicar\u00e1 ning\u00fan tipo de asociaci\u00f3n, fusi\u00f3n o participaci\u00f3n con las entidades conectadas.<\/p><p>\u00a0<\/p><p><strong>DERECHO DE EXCLUSI\u00d3N<\/strong><\/p><p><strong>Maria Quiles Ruiz<\/strong> se reserva el derecho a denegar o retirar el acceso a portal y\/o los servicios ofrecidos sin necesidad de preaviso, a instancia propia o de un tercero, a aquellos usuarios que incumplan las presentes Condiciones Generales de Uso.<\/p><p>\u00a0<\/p><p><strong>GENERALIDADES<\/strong><\/p><p><strong>Maria Quiles Ruiz<\/strong> perseguir\u00e1 el incumplimiento de las presentes condiciones, as\u00ed como cualquier utilizaci\u00f3n indebida de su portal ejerciendo todas las acciones civiles y penales que le puedan corresponder en derecho.<\/p><p>\u00a0<\/p><p><strong>MODIFICACI\u00d3N DE LAS PRESENTES CONDICIONES Y DURACI\u00d3N<\/strong><\/p><p><strong>Maria Quiles Ruiz<\/strong> podr\u00e1 modificar en cualquier momento las condiciones aqu\u00ed determinadas, siendo debidamente publicadas como aqu\u00ed aparecen.<\/p><p>La vigencia de las citadas condiciones ir\u00e1 en funci\u00f3n de su exposici\u00f3n y estar\u00e1n vigentes hasta que sean modificadas por otras debidamente publicadas.<\/p><p>\u00a0<\/p><p><strong>LEGISLACI\u00d3N APLICABLE Y JURISDICCI\u00d3N<\/strong><\/p><p>Los t\u00e9rminos y condiciones que rigen este web site, as\u00ed como las relaciones que pudieran derivarse est\u00e1n protegidas y quedan sujetas a la legislaci\u00f3n espa\u00f1ola. Para la resoluci\u00f3n de cualquier tipo de controversia, litigio o discrepancia que pudiera suscitarse entre el USUARIO y <strong>Maria Quiles Ruiz<\/strong>\u00a0por el uso de este sitio web, se acuerda el sometimiento de las mismas a los Juzgados y Tribunales de Valencia, Espa\u00f1a.<\/p><p><em>\u00a0<\/em><\/p>\t\t\t\t\t\t\t\t<\/div>\n\t\t\t\t<\/div>\n\t\t\t\t<\/div>\n\t\t\t\t<\/div>\n\t\t","protected":false},"excerpt":{"rendered":"<p>El hecho de acceder a este sitio web implica el conocimiento y aceptaci\u00f3n de los siguientes t\u00e9rminos y condiciones y atribuye la condici\u00f3n de usuario de la web y el acceso al mismo implica su aceptaci\u00f3n sin reservas. En caso de no aceptar las cl\u00e1usulas establecidas en el presente Aviso Legal, el usuario deber\u00e1 abstenerse [&hellip;]<\/p>\n","protected":false},"author":1,"featured_media":0,"parent":0,"menu_order":0,"comment_status":"closed","ping_status":"closed","template":"elementor_header_footer","meta":{"footnotes":""},"class_list":["post-466","page","type-page","status-publish","hentry"],"yoast_head":"<!-- This site is optimized with the Yoast SEO plugin v25.7 - https:\/\/yoast.com\/wordpress\/plugins\/seo\/ -->\n<title>Aviso Legal - Maria Quiles Ruiz<\/title>\n<meta name=\"robots\" content=\"noindex, nofollow\" \/>\n<meta property=\"og:locale\" content=\"es_ES\" \/>\n<meta property=\"og:type\" content=\"article\" \/>\n<meta property=\"og:title\" content=\"Aviso Legal - Maria Quiles Ruiz\" \/>\n<meta property=\"og:description\" content=\"El hecho de acceder a este sitio web implica el conocimiento y aceptaci\u00f3n de los siguientes t\u00e9rminos y condiciones y atribuye la condici\u00f3n de usuario de la web y el acceso al mismo implica su aceptaci\u00f3n sin reservas. En caso de no aceptar las cl\u00e1usulas establecidas en el presente Aviso Legal, el usuario deber\u00e1 abstenerse [&hellip;]\" \/>\n<meta property=\"og:url\" content=\"https:\/\/mariaquiles.es\/aviso-legal\/\" \/>\n<meta property=\"og:site_name\" content=\"Maria Quiles Ruiz\" \/>\n<meta property=\"article:modified_time\" content=\"2023-10-28T16:59:44+00:00\" \/>\n<meta name=\"twitter:card\" content=\"summary_large_image\" \/>\n<meta name=\"twitter:label1\" content=\"Tiempo de lectura\" \/>\n\t<meta name=\"twitter:data1\" content=\"6 minutos\" \/>\n<script type=\"application\/ld+json\" class=\"yoast-schema-graph\">{\"@context\":\"https:\/\/schema.org\",\"@graph\":[{\"@type\":\"WebPage\",\"@id\":\"https:\/\/mariaquiles.es\/aviso-legal\/\",\"url\":\"https:\/\/mariaquiles.es\/aviso-legal\/\",\"name\":\"Aviso Legal - Maria Quiles Ruiz\",\"isPartOf\":{\"@id\":\"https:\/\/mariaquiles.es\/#website\"},\"datePublished\":\"2023-10-28T16:54:06+00:00\",\"dateModified\":\"2023-10-28T16:59:44+00:00\",\"breadcrumb\":{\"@id\":\"https:\/\/mariaquiles.es\/aviso-legal\/#breadcrumb\"},\"inLanguage\":\"es\",\"potentialAction\":[{\"@type\":\"ReadAction\",\"target\":[\"https:\/\/mariaquiles.es\/aviso-legal\/\"]}]},{\"@type\":\"BreadcrumbList\",\"@id\":\"https:\/\/mariaquiles.es\/aviso-legal\/#breadcrumb\",\"itemListElement\":[{\"@type\":\"ListItem\",\"position\":1,\"name\":\"Portada\",\"item\":\"https:\/\/mariaquiles.es\/\"},{\"@type\":\"ListItem\",\"position\":2,\"name\":\"Aviso Legal\"}]},{\"@type\":\"WebSite\",\"@id\":\"https:\/\/mariaquiles.es\/#website\",\"url\":\"https:\/\/mariaquiles.es\/\",\"name\":\"Maria Quiles Ruiz\",\"description\":\"Traductora Valenciano - Castellano\",\"potentialAction\":[{\"@type\":\"SearchAction\",\"target\":{\"@type\":\"EntryPoint\",\"urlTemplate\":\"https:\/\/mariaquiles.es\/?s={search_term_string}\"},\"query-input\":{\"@type\":\"PropertyValueSpecification\",\"valueRequired\":true,\"valueName\":\"search_term_string\"}}],\"inLanguage\":\"es\"}]}<\/script>\n<!-- \/ Yoast SEO plugin. -->","yoast_head_json":{"title":"Aviso Legal - Maria Quiles Ruiz","robots":{"index":"noindex","follow":"nofollow"},"og_locale":"es_ES","og_type":"article","og_title":"Aviso Legal - Maria Quiles Ruiz","og_description":"El hecho de acceder a este sitio web implica el conocimiento y aceptaci\u00f3n de los siguientes t\u00e9rminos y condiciones y atribuye la condici\u00f3n de usuario de la web y el acceso al mismo implica su aceptaci\u00f3n sin reservas. En caso de no aceptar las cl\u00e1usulas establecidas en el presente Aviso Legal, el usuario deber\u00e1 abstenerse [&hellip;]","og_url":"https:\/\/mariaquiles.es\/aviso-legal\/","og_site_name":"Maria Quiles Ruiz","article_modified_time":"2023-10-28T16:59:44+00:00","twitter_card":"summary_large_image","twitter_misc":{"Tiempo de lectura":"6 minutos"},"schema":{"@context":"https:\/\/schema.org","@graph":[{"@type":"WebPage","@id":"https:\/\/mariaquiles.es\/aviso-legal\/","url":"https:\/\/mariaquiles.es\/aviso-legal\/","name":"Aviso Legal - Maria Quiles Ruiz","isPartOf":{"@id":"https:\/\/mariaquiles.es\/#website"},"datePublished":"2023-10-28T16:54:06+00:00","dateModified":"2023-10-28T16:59:44+00:00","breadcrumb":{"@id":"https:\/\/mariaquiles.es\/aviso-legal\/#breadcrumb"},"inLanguage":"es","potentialAction":[{"@type":"ReadAction","target":["https:\/\/mariaquiles.es\/aviso-legal\/"]}]},{"@type":"BreadcrumbList","@id":"https:\/\/mariaquiles.es\/aviso-legal\/#breadcrumb","itemListElement":[{"@type":"ListItem","position":1,"name":"Portada","item":"https:\/\/mariaquiles.es\/"},{"@type":"ListItem","position":2,"name":"Aviso Legal"}]},{"@type":"WebSite","@id":"https:\/\/mariaquiles.es\/#website","url":"https:\/\/mariaquiles.es\/","name":"Maria Quiles Ruiz","description":"Traductora Valenciano - Castellano","potentialAction":[{"@type":"SearchAction","target":{"@type":"EntryPoint","urlTemplate":"https:\/\/mariaquiles.es\/?s={search_term_string}"},"query-input":{"@type":"PropertyValueSpecification","valueRequired":true,"valueName":"search_term_string"}}],"inLanguage":"es"}]}},"_links":{"self":[{"href":"https:\/\/mariaquiles.es\/es\/wp-json\/wp\/v2\/pages\/466","targetHints":{"allow":["GET"]}}],"collection":[{"href":"https:\/\/mariaquiles.es\/es\/wp-json\/wp\/v2\/pages"}],"about":[{"href":"https:\/\/mariaquiles.es\/es\/wp-json\/wp\/v2\/types\/page"}],"author":[{"embeddable":true,"href":"https:\/\/mariaquiles.es\/es\/wp-json\/wp\/v2\/users\/1"}],"replies":[{"embeddable":true,"href":"https:\/\/mariaquiles.es\/es\/wp-json\/wp\/v2\/comments?post=466"}],"version-history":[{"count":4,"href":"https:\/\/mariaquiles.es\/es\/wp-json\/wp\/v2\/pages\/466\/revisions"}],"predecessor-version":[{"id":471,"href":"https:\/\/mariaquiles.es\/es\/wp-json\/wp\/v2\/pages\/466\/revisions\/471"}],"wp:attachment":[{"href":"https:\/\/mariaquiles.es\/es\/wp-json\/wp\/v2\/media?parent=466"}],"curies":[{"name":"wp","href":"https:\/\/api.w.org\/{rel}","templated":true}]}}